{"id":2538,"date":"2018-09-07T11:02:37","date_gmt":"2018-09-07T09:02:37","guid":{"rendered":"http:\/\/www.atletica42195.it\/wp\/?page_id=2538"},"modified":"2023-08-27T17:02:36","modified_gmt":"2023-08-27T15:02:36","slug":"regolamento","status":"publish","type":"page","link":"https:\/\/www.atletica42195.it\/wp\/eventi\/lissolo-special-trail\/regolamento\/","title":{"rendered":"Regolamento"},"content":{"rendered":"\n<p>L&#8217;Atletica 42195 di Barzan\u00f2, con il Patrocinio e la collaborazione del Comune di Sirtori, Unione dei Comuni Lombarda della Valletta, Barzan\u00f2 e Vigan\u00f2, con l&#8217;approvazione della Federazione Italiana di Atletica Leggera, (approvato dal C.R.L. FIDAL N\u00b0 Prot. 2146 in data 27\/07\/2023), Comitato Regionale Lombardo e Provinciale di Como\/Lecco, organizza, per il giorno 29 Ottobre 2023 una manifestazione Regionale di corsa a cronometro, a coppie, su percorso Trail, in localit\u00e0 Sirtori (LC).<\/p>\n\n\n\n<p><strong>Requisiti di partecipazione:<\/strong><\/p>\n\n\n\n<ul class=\"wp-block-list\">\n<li>Le iscrizioni sono aperte a Coppie Maschili, Femminili e Miste<\/li>\n\n\n\n<li>Le coppie possono essere della stessa societ\u00e0 e non. Gli atleti possono essere tesserati FIDAL, EPS o RUNCARD. <\/li>\n\n\n\n<li>Alla manifestazione di Sirtori (LC) del 29 Ottobre 2023 possono partecipare i seguenti atleti: <br>o&nbsp; &nbsp;Atleti\/e Italiani\/e e stranieri\/e tesserati\/e per societ\u00e0 affiliate alla Fidal ed appartenenti alle categorie Juniores, Promesse, Seniores (da SF-SM a SF95-SM95 e oltre) per l&#8217;anno 2023. <br>o&nbsp; &nbsp;Atleti\/e Italiani\/e e stranieri\/e tesserati\/e (di pari et\u00e0 alle categorie Fidal ammesse) per Societ\u00e0 di Ente di Promozione Sportiva (Disciplina Atletica Leggera) che hanno sottoscritto la convenzione con la Fidal nel rispetto delle regole contenute nella convenzione. Sulla tessera dell&#8217;ente dovr\u00e0 essere chiaramente indicato &#8220;Atletica Leggera&#8221; e &#8220;Anno 2023&#8221;. <span style=\"text-decoration: underline;\">N.B. Presentando copia del certificato medico agonistico con dicitura &#8220;Atletica Leggera&#8221;, questi\/e atleti\/e verranno inseriti regolarmente nella classifica della gara , ma non potranno godere di rimborsi, bonus o accedere al montepremi o generici buoni valore. <\/span><br>o&nbsp; &nbsp;Possessori di Runcard. Possono partecipare cittadini Italiani e stranieri di et\u00e0 uguale o maggiore a 20 anni (anno di nascita dal 2003 in poi), <span style=\"text-decoration: underline;\">non tesserati per una societ\u00e0 affiliata alla Fidal, n\u00e9 per una societ\u00e0 straniera di Atletica Leggera affiliata alla WA, ne per una societ\u00e0 affiliata (disciplina Atletica Leggera) ad un ente di promozione sportiva<\/span> in possesso di &#8220;RUNCARD&#8221; in corso di validit\u00e0 (data non scaduta) rilasciata direttamente dalla Fidal.(info@runcard.com). NB. La tessera Runcard \u00e8 rinnovabile. Sulla tessera Runcard \u00e8 riportata la scadenza della stessa . Il giorno della gara, se la tessera dovesse essere rilevata scaduta al momento del controllo, l&#8217;atleta NON potr\u00e0 partecipare alla manifestazione, salvo presentazione dell&#8217;avvenuto rinnovo Online. La partecipazione degli atleti RUNCARD \u00e8 comunque subordinata alla presentazione di un certificato medico d&#8217;idoneit\u00e0 agonistica specifico per l&#8217;atletica leggera valido in Italia, che andr\u00e0 esibito in originale agli organizzatori. Copia del certificato medico andr\u00e0 conservato agli atti della Societ\u00e0 organizzatrice di ciascuna manifestazione alla quale l&#8217;atleta in possesso della &#8220;RUNCARD&#8221; partecipa. <span style=\"text-decoration: underline;\">Questi atleti verranno inseriti regolarmente nella classifica della gara, ma non potranno godere di rimborsi, bonus o accedere al montepremi o generici buoni valore.<\/span><\/li>\n<\/ul>\n\n\n\n<p><strong>N.B. = La tessera RUNCARD \u00e8 rinnovabile. Sulla tessera RUNCARD \u00e8 riportata la scadenza della stessa. Se il giorno della manifestazione, durante il controllo della tessera, viene rilevato che la stessa \u00e8 scaduta, l&#8217;atleta NON pu\u00f2 partecipare, salvo presentazione di ricevuta dell&#8217;avvenuto rinnovo online.<\/strong><\/p>\n\n\n\n<p>La loro partecipazione \u00e8 comunque subordinata alla presentazione di un certificato medico di idoneit\u00e0 agonistica per Atletica Leggera valido in Italia. Possono inoltre presentare un certificato medico emesso nel proprio paese, ma conforme agli esami diagnostici previsti dalla normativa italiana per poter svolgere attivit\u00e0 agonistica, che andr\u00e0 esibito in originale, lasciandone copia, agli Organizzatori.<\/p>\n\n\n\n<p>Conformemente ai dettami di legge vigenti (D.M. 18\/02\/1982) coloro che praticano attivit\u00e0 sportiva agonistica devono sottoporsi preventivamente e periodicamente al controllo dell&#8217;idoneit\u00e0 specifica allo sport. La normativa italiana richiede che i soggetti interessati devono sottoporsi ai seguenti accertamenti sanitari:<\/p>\n\n\n\n<ul class=\"wp-block-list\">\n<li>Visita Medica<\/li>\n\n\n\n<li>Esame completo delle urine<\/li>\n\n\n\n<li>Elettrocardiogramma a riposo e dopo sforzo<\/li>\n\n\n\n<li>Spirografia<br><\/li>\n<\/ul>\n\n\n\n<p>Tutte le dichiarazioni e i referti degli esami devono essere autentici o conformi agli originali.<br>Copia del certificato medico andr\u00e0 conservata agli atti della Societ\u00e0 Organizzatrice di ciascuna manifestazione alla quale l&#8217;atleta in possesso di RUNCARD partecipa.&nbsp;<strong>Queste\/i atlete\/i verranno inseriti regolarmente nella classifica della gara, ma non potranno godere di rimborsi, bonus e accedere al montepremi in denaro e\/o generici buoni valore.<\/strong><\/p>\n\n\n\n<p><strong>I partecipanti alle Manifestazioni possono essere sottoposti a controlli antidoping. Sono altres\u00ec soggetti alle disposizioni previste dall&#8217;art. 25 delle Norme Fidal, qualora gi\u00e0 soggetti a sospensione disciplinare.<\/strong><\/p>\n\n\n\n<p><span style=\"text-decoration: underline;\"><strong><strong>NON POSSONO PARTECIPARE (valido per tutte le tipologie di partecipanti):<\/strong> <\/strong><\/span><\/p>\n\n\n\n<ul class=\"wp-block-list\">\n<li><strong>Atlete\/i tesserate\/i tesserate\/i per altre FEDERAZIONI (es. Triathlon)<\/strong><\/li>\n\n\n\n<li><strong>Atlete\/i tesserate\/i per Societ\u00e0 di Enti di Promozione Sportiva riconosciuti dal CONI ma non convenzionati con la FIDAL, che non abbiano sottoscritto la RUNCARD<\/strong><\/li>\n\n\n\n<li><strong>Possessori di MOUNTAIN AND TRAIL RUNCARD<\/strong><\/li>\n\n\n\n<li><strong>Certificati medici di idoneit\u00e0 agonistica riportanti diciture quali corsa, podismo, marcia, maratona, triathlon, mezza maratona ecc\u2026 non sono validi ai fini della partecipazione.<\/strong><\/li>\n\n\n\n<li><strong>Certificati medici di idoneit\u00e0 agonistica per altri Sport non sono validi per la partecipazione: saranno accettati solamente quelli che riporteranno espressamente la dicitura &#8220;Atletica Leggera&#8221;.<\/strong><\/li>\n\n\n\n<li><strong>Atleti\/e stranieri tesserati per Federazioni straniere affiliate alla W.A. (possono eventualmente partecipare, fuori classifica, su autorizzazione della Segreteria Federale, previa richiesta della propria Federazione di appartenenza e parere favorevole del Settore Tecnico Federale)<\/strong><\/li>\n<\/ul>\n\n\n\n<p><strong>Iscrizioni:<\/strong><\/p>\n\n\n\n<ul class=\"wp-block-list\">\n<li>Le iscrizioni si potranno effettuare unicamente tramite il sistema on line sul sito <a href=\"http:\/\/www.endu.net\" data-type=\"URL\" data-id=\"www.endu.net\">www.endu.net<\/a>. <strong>Le iscrizioni si chiuderanno definitamente il giorno 26 Ottobre alle ore 23.59, o comunque al raggiungimento delle 200 Coppie. Seguir\u00e0 la compilazione dell&#8217;ordine di partenza.<\/strong><\/li>\n\n\n\n<li><strong>In caso di annullamento dovuto a complicazioni legate alla situazione sanitaria COVID 19 , le quote di iscrizioni saranno tenute valide per l&#8217;edizione successiva della manifestazione<\/strong>.<\/li>\n\n\n\n<li><strong>L&#8217;ordine di partenza sar\u00e0 disponibile da Sabato 28 Ottobre sul sito sociale dell&#8217;Atletica 42195 <a href=\"http:\/\/www.atletica42195.it\" data-type=\"URL\" data-id=\"www.atletica42195.it\">www.atletica42195.it<\/a> e su <a href=\"http:\/\/www.endu.net\" data-type=\"URL\" data-id=\"www.endu.net\">www.endu.net<\/a>. <\/strong><\/li>\n\n\n\n<li><strong>Sar\u00e0 possibile verificare la propria iscrizione on-line sul sito <a href=\"http:\/\/www.endu.net\" data-type=\"URL\" data-id=\"www.endu.net\">www.endu.net<\/a> in caso di problemi contattare la segreteria via mail all&#8217;indirizzo <a href=\"mailto:info@tempogara.it\">info@tempogara.it<\/a><\/strong><\/li>\n\n\n\n<li><strong>I pettorali potranno essere ritirati il giorno della gara entro le ore 08,45 presso la zona di partenza e arrivo<\/strong><\/li>\n\n\n\n<li>Verranno fatte partire per prime le coppie Femminili, a seguire le coppie Miste, quindi quelle maschili<\/li>\n\n\n\n<li>La partenza della prima coppia avverr\u00e0 alle ore 09,00, a seguire le altre coppie a distanza di 20 secondi l&#8217;una dall&#8217;altra.<\/li>\n\n\n\n<li>Il ritrovo degli atleti e dirigenti rimane fissato per le ore 08,00 presso il negozio SPORT SPECIALIST di Sirtori in Via delle Industrie 17. Inizio manifestazione ore 09,00<\/li>\n\n\n\n<li>Non verranno elargiti compensi per rimborsi spesa di alcun genere n\u00e9 ad Atleti n\u00e9 a Societ\u00e0.<\/li>\n\n\n\n<li>La gara si disputer\u00e0 su di un percorso di 15 Km. circa (per tutte le categorie) e si snoder\u00e0 su un percorso collinare misto sterrato-asfalto (Trail). La planimetria del percorso e il suo sviluppo altimetrico verranno esposti sui siti  <a href=\"http:\/\/www.atletica42195.it\" data-type=\"URL\" data-id=\"www.atletica42195.it\">www.atletica42195.it<\/a> , <a href=\"http:\/\/www.endu.net\" data-type=\"URL\" data-id=\"www.endu.net\">www.endu.net<\/a> e il giorno della gara. Eventuali modifiche di carattere tecnico &#8211; per cause di forza maggiore &#8211; saranno rese note prima della partenza con comunicato.<\/li>\n\n\n\n<li>Il cronometraggio sar\u00e0 effettuato da EVODATA con tecnologia basata sull&#8217;utilizzo di &#8220;chip&#8221;. Ogni partecipante dovr\u00e0 essere munito di un chip personale valido oppure di un chip giornaliero usa e getta. Nota bene: Il mancato o non corretto utilizzo del chip comporter\u00e0 il non inserimento nella classifica e la non attribuzione del tempo impiegato.<\/li>\n\n\n\n<li>La gara \u00e8 a tempo. Risulter\u00e0 vincitrice la coppia che impiegher\u00e0 il minor tempo a coprire il percorso. I componenti della coppia dovranno procedere sul percorso e tagliare il traguardo a distanza ravvicinata ed il tempo sar\u00e0 rilevato sul secondo concorrente<\/li>\n\n\n\n<li>I partecipanti dovranno seguire scrupolosamente il codice della strada prestando attenzione nei tratti di strada aperta al traffico.<\/li>\n\n\n\n<li>La manifestazione si svolger\u00e0 con qualsiasi condizione atmosferica.<\/li>\n\n\n\n<li>Eventuali reclami dovranno essere presentati non oltre 30 Minuti dall&#8217;esposizione delle classifiche, in prima istanza verbalmente al giudice d&#8217;arrivo, in seconda istanza per iscritto allegando 50,00 \u20ac restituibili in caso accettazione del reclamo.<\/li>\n\n\n\n<li>Per quanto non contemplato nel presente Regolamento, valgono le Norme tecniche e Statutarie della FIDAL.<\/li>\n\n\n\n<li>Con la firma della scheda di iscrizione l&#8217;atleta dichiara di conoscere ed accettare il regolamento del Lissolo Special Trail pubblicato sul sito <a rel=\"noopener noreferrer\" href=\"http:\/\/www.atletica42195.it\" target=\"_blank\">www.atletica42195.it<\/a> , <a href=\"http:\/\/www.endu.net\" data-type=\"URL\" data-id=\"www.otc-srl.it\">www.endu.net<\/a> e <a href=\"http:\/\/www.fidal-lombardia.it\" data-type=\"URL\" data-id=\"www.fidal-lombardia.it\">www.fidal-lombardia.it<\/a> e di conoscere i regolamenti FIDAL. Dichiara inoltre espressamente sotto la propria responsabilit\u00e0, non solo di aver dichiarato la verit\u00e0, ma esonera gli organizzatori, la FIDAL, gli sponsor e le amministrazioni Pubbliche da ogni responsabilit\u00e0, sia civile che penale per danni a persone e\/o cose da lui causati o a lui derivati. (Normativa Art 13 DLGS 196\/2003 tutela della Privacy)<\/li>\n\n\n\n<li>Le Premiazioni si terranno in zona partenza arrivo. Le Premiazioni avverranno non appena terminata la gara.<\/li>\n\n\n\n<li>Con l&#8217;iscrizione alla &#8220;Lissolo Special Trail&#8221;, l&#8217;atleta autorizza espressamente l&#8217;Organizzazione, unitamente a sponsor e media partner, all&#8217;acquisizione del diritto di utilizzare le immagini fisse o in movimento sulle quali potr\u00e0 apparire, su tutti i supporti, compresi i materiali promozionali e\/o pubblicitari, in tutto il mondo e per il tempo massimo previsto dalle leggi, dai regolamenti e dai trattati in vigore, compresa eventuale proroga che potr\u00e0 essere apportata al periodo previsto.<\/li>\n\n\n\n<li>Notizie e classifiche della gara saranno disponibili sul sito <a rel=\"noopener noreferrer\" href=\"http:\/\/www.atletica42195.it\" target=\"_blank\">www.atletica42195.it<\/a> e <a href=\"http:\/\/www.endu.net\" target=\"_blank\" rel=\"noreferrer noopener\">www.endu.net<\/a>.<\/li>\n\n\n\n<li>Il G. G. G. pu\u00f2 effettuare il controllo del tesseramento e dell&#8217;identit\u00e0 dell&#8217;atleta secondo quanto previsto dal regolamento FIDAL. Art 8-9 norme attivit\u00e0 2023<\/li>\n\n\n\n<li>Il comitato organizzatore ha provveduto a stipulare una polizza di assicurazione per la copertura della Responsabilit\u00e0 Civile verso Terzi per tutte le attivit\u00e0 connesse allo svolgimento della manifestazione tramite Reale Mutua Assicurazioni<\/li>\n\n\n\n<li>Il comitato organizzatore dichiara di aver seguito le procedure ed istruzioni in materia di Safety &amp; Security ed adempir\u00e0 a tutte le prescrizioni che le Autorit\u00e0 competenti andranno eventualmente a richiedere l&#8217;autorizzazione allo svolgimento della gara, con particolare riferimento all&#8217;Art. 32 delle &#8220;Norme per l&#8217;organizzazione delle manifestazioni&#8221; in tema di sicurezza come specificato nel &#8220;Piano di sicurezza per le pubbliche manifestazioni&#8221; del Comitato Regionale Lombardo.<br><\/li>\n<\/ul>\n\n\n\n<p><strong>Classifica gruppi:<\/strong><\/p>\n\n\n\n<p>Le classifiche valide per l&#8217;assegnazione dei Trofei riservati alle societ\u00e0, vengono calcolati in base alla somma dei tempi ottenuti dalle prime 3 coppie di ogni societ\u00e0. Le prime 3 societ\u00e0 classificate si aggiudicheranno un premio speciale riservato per la <strong>Lissolo Special Trail<\/strong>.<\/p>\n\n\n\n<p>Scarica il regolamento: <a href=\"http:\/\/www.atletica42195.it\/LST\/Regolamento_Approvato_LissoloSpecialTrail_20231029.pdf\" target=\"_blank\" rel=\"noopener noreferrer\"><img decoding=\"async\" class=\"alignnone wp-image-79 size-full\" src=\"http:\/\/www.atletica42195.it\/wp\/wp-content\/uploads\/2016\/02\/icona-pdf.png\" alt=\"icona-pdf\" width=\"50\" height=\"50\"><\/a><\/p>\n\n\n\r\n\t<div class=\"slideshow_container slideshow_container_style-light\" style=\"height: 200px; max-width: 400px;\" data-slideshow-id=\"2603\" data-style-name=\"style-light\" data-style-version=\"2.3.1\" >\r\n\r\n\t\t\t\t\t<div class=\"slideshow_loading_icon\"><\/div>\r\n\t\t\r\n\t\t<div class=\"slideshow_content\" style=\"display: none;\">\r\n\r\n\t\t\t<div class=\"slideshow_view\">\r\n\t\t\t\t<div class=\"slideshow_slide slideshow_slide_image\">\r\n\t\t\t\t\t\t\t\t\t\t\t<img src=\"https:\/\/www.atletica42195.it\/wp\/wp-content\/uploads\/2021\/09\/2021-logo-DF-colori-senza-sito-scaled.jpg\" alt=\"df Sport Specialist\" width=\"2560\" height=\"805\" \/>\r\n\t\t\t\t\t\t\t\t\t\t<div class=\"slideshow_description_box slideshow_transparent\">\r\n\t\t\t\t\t\t<div class=\"slideshow_title\">df Sport Specialist<\/div>\t\t\t\t\t\t\t\t\t\t\t<\/div>\r\n\t\t\t\t<\/div>\r\n\r\n\t\t\t\t\t\t<div style=\"clear: both;\"><\/div><\/div><div class=\"slideshow_view\">\r\n\t\t\t\t<div class=\"slideshow_slide slideshow_slide_image\">\r\n\t\t\t\t\t\t\t\t\t\t\t<img src=\"https:\/\/www.atletica42195.it\/wp\/wp-content\/uploads\/2016\/02\/beretta.png\" alt=\"Beretta\" width=\"230\" height=\"154\" \/>\r\n\t\t\t\t\t\t\t\t\t\t<div class=\"slideshow_description_box slideshow_transparent\">\r\n\t\t\t\t\t\t<div class=\"slideshow_title\">Beretta<\/div>\t\t\t\t\t\t\t\t\t\t\t<\/div>\r\n\t\t\t\t<\/div>\r\n\r\n\t\t\t\t\t\t<div style=\"clear: both;\"><\/div><\/div><div class=\"slideshow_view\">\r\n\t\t\t\t<div class=\"slideshow_slide slideshow_slide_image\">\r\n\t\t\t\t\t\t\t\t\t\t\t<img src=\"https:\/\/www.atletica42195.it\/wp\/wp-content\/uploads\/2018\/09\/Cab.jpg\" alt=\"Cab\" width=\"388\" height=\"345\" \/>\r\n\t\t\t\t\t\t\t\t\t\t<div class=\"slideshow_description_box slideshow_transparent\">\r\n\t\t\t\t\t\t<div class=\"slideshow_title\">Cab<\/div>\t\t\t\t\t\t\t\t\t\t\t<\/div>\r\n\t\t\t\t<\/div>\r\n\r\n\t\t\t\t\t\t<div style=\"clear: both;\"><\/div><\/div><div class=\"slideshow_view\">\r\n\t\t\t\t<div class=\"slideshow_slide slideshow_slide_image\">\r\n\t\t\t\t\t\t\t\t\t\t\t<img src=\"https:\/\/www.atletica42195.it\/wp\/wp-content\/uploads\/2022\/09\/BluFrida_2022.jpg\" alt=\"BluFrida\" width=\"624\" height=\"553\" \/>\r\n\t\t\t\t\t\t\t\t\t\t<div class=\"slideshow_description_box slideshow_transparent\">\r\n\t\t\t\t\t\t<div class=\"slideshow_title\">BluFrida<\/div>\t\t\t\t\t\t\t\t\t\t\t<\/div>\r\n\t\t\t\t<\/div>\r\n\r\n\t\t\t\t\t\t<div style=\"clear: both;\"><\/div><\/div><div class=\"slideshow_view\">\r\n\t\t\t\t<div class=\"slideshow_slide slideshow_slide_image\">\r\n\t\t\t\t\t\t\t\t\t\t\t<img src=\"https:\/\/www.atletica42195.it\/wp\/wp-content\/uploads\/2018\/09\/Wuber.jpg\" alt=\"Wuber\" width=\"388\" height=\"346\" \/>\r\n\t\t\t\t\t\t\t\t\t\t<div class=\"slideshow_description_box slideshow_transparent\">\r\n\t\t\t\t\t\t<div class=\"slideshow_title\">Wuber<\/div>\t\t\t\t\t\t\t\t\t\t\t<\/div>\r\n\t\t\t\t<\/div>\r\n\r\n\t\t\t\t\t\t<div style=\"clear: both;\"><\/div><\/div><div class=\"slideshow_view\">\r\n\t\t\t\t<div class=\"slideshow_slide slideshow_slide_image\">\r\n\t\t\t\t\t\t\t\t\t\t\t<img src=\"https:\/\/www.atletica42195.it\/wp\/wp-content\/uploads\/2022\/09\/BiciMania_2022.jpg\" alt=\"BiciMania\" width=\"628\" height=\"559\" \/>\r\n\t\t\t\t\t\t\t\t\t\t<div class=\"slideshow_description_box slideshow_transparent\">\r\n\t\t\t\t\t\t<div class=\"slideshow_title\">BiciMania<\/div>\t\t\t\t\t\t\t\t\t\t\t<\/div>\r\n\t\t\t\t<\/div>\r\n\r\n\t\t\t\t\t\t<div style=\"clear: both;\"><\/div><\/div><div class=\"slideshow_view\">\r\n\t\t\t\t<div class=\"slideshow_slide slideshow_slide_image\">\r\n\t\t\t\t\t\t\t\t\t\t\t<img src=\"https:\/\/www.atletica42195.it\/wp\/wp-content\/uploads\/2018\/09\/Costruiamo_il_futuro.jpg\" alt=\"Costruiamo il futuro\" width=\"388\" height=\"345\" \/>\r\n\t\t\t\t\t\t\t\t\t\t<div class=\"slideshow_description_box slideshow_transparent\">\r\n\t\t\t\t\t\t<div class=\"slideshow_title\">Costruiamo il futuro<\/div>\t\t\t\t\t\t\t\t\t\t\t<\/div>\r\n\t\t\t\t<\/div>\r\n\r\n\t\t\t\t\t\t<div style=\"clear: both;\"><\/div><\/div><div class=\"slideshow_view\">\r\n\t\t\t\t<div class=\"slideshow_slide slideshow_slide_image\">\r\n\t\t\t\t\t\t\t\t\t\t\t<img src=\"https:\/\/www.atletica42195.it\/wp\/wp-content\/uploads\/2019\/08\/Farmacia_Basaglia2019.jpg\" alt=\"Farmacia Basaglia\" width=\"444\" height=\"394\" \/>\r\n\t\t\t\t\t\t\t\t\t\t<div class=\"slideshow_description_box slideshow_transparent\">\r\n\t\t\t\t\t\t<div class=\"slideshow_title\">Farmacia Basaglia<\/div>\t\t\t\t\t\t\t\t\t\t\t<\/div>\r\n\t\t\t\t<\/div>\r\n\r\n\t\t\t\t\t\t<div style=\"clear: both;\"><\/div><\/div><div class=\"slideshow_view\">\r\n\t\t\t\t<div class=\"slideshow_slide slideshow_slide_image\">\r\n\t\t\t\t\t\t\t\t\t\t\t<img src=\"https:\/\/www.atletica42195.it\/wp\/wp-content\/uploads\/2018\/09\/Misto.jpg\" alt=\"Mist\u00f2\" width=\"388\" height=\"346\" \/>\r\n\t\t\t\t\t\t\t\t\t\t<div class=\"slideshow_description_box slideshow_transparent\">\r\n\t\t\t\t\t\t<div class=\"slideshow_title\">Mist\u00f2<\/div>\t\t\t\t\t\t\t\t\t\t\t<\/div>\r\n\t\t\t\t<\/div>\r\n\r\n\t\t\t\t\t\t<div style=\"clear: both;\"><\/div><\/div><div class=\"slideshow_view\">\r\n\t\t\t\t<div class=\"slideshow_slide slideshow_slide_image\">\r\n\t\t\t\t\t\t\t\t\t\t\t<img src=\"https:\/\/www.atletica42195.it\/wp\/wp-content\/uploads\/2022\/09\/Assicurone_2022.jpg\" alt=\"AssiCurone\" width=\"625\" height=\"559\" \/>\r\n\t\t\t\t\t\t\t\t\t\t<div class=\"slideshow_description_box slideshow_transparent\">\r\n\t\t\t\t\t\t<div class=\"slideshow_title\">AssiCurone<\/div>\t\t\t\t\t\t\t\t\t\t\t<\/div>\r\n\t\t\t\t<\/div>\r\n\r\n\t\t\t\t\t\t<div style=\"clear: both;\"><\/div><\/div><div class=\"slideshow_view\">\r\n\t\t\t\t<div class=\"slideshow_slide slideshow_slide_image\">\r\n\t\t\t\t\t\t\t\t\t\t\t<img src=\"https:\/\/www.atletica42195.it\/wp\/wp-content\/uploads\/2018\/09\/Fumagalli.jpg\" alt=\"Fumagalli\" width=\"388\" height=\"346\" \/>\r\n\t\t\t\t\t\t\t\t\t\t<div class=\"slideshow_description_box slideshow_transparent\">\r\n\t\t\t\t\t\t<div class=\"slideshow_title\">Fumagalli<\/div>\t\t\t\t\t\t\t\t\t\t\t<\/div>\r\n\t\t\t\t<\/div>\r\n\r\n\t\t\t\t\t\t<div style=\"clear: both;\"><\/div><\/div><div class=\"slideshow_view\">\r\n\t\t\t\t<div class=\"slideshow_slide slideshow_slide_image\">\r\n\t\t\t\t\t\t\t\t\t\t\t<img src=\"https:\/\/www.atletica42195.it\/wp\/wp-content\/uploads\/2022\/09\/Salp_2022.jpg\" alt=\"Salp\" width=\"626\" height=\"555\" \/>\r\n\t\t\t\t\t\t\t\t\t\t<div class=\"slideshow_description_box slideshow_transparent\">\r\n\t\t\t\t\t\t<div class=\"slideshow_title\">Salp<\/div>\t\t\t\t\t\t\t\t\t\t\t<\/div>\r\n\t\t\t\t<\/div>\r\n\r\n\t\t\t\t\t\t<div style=\"clear: both;\"><\/div><\/div><div class=\"slideshow_view\">\r\n\t\t\t\t<div class=\"slideshow_slide slideshow_slide_image\">\r\n\t\t\t\t\t\t\t\t\t\t\t<img src=\"https:\/\/www.atletica42195.it\/wp\/wp-content\/uploads\/2018\/09\/Brivio.jpg\" alt=\"Tabaccheria Brivio\" width=\"390\" height=\"346\" \/>\r\n\t\t\t\t\t\t\t\t\t\t<div class=\"slideshow_description_box slideshow_transparent\">\r\n\t\t\t\t\t\t<div class=\"slideshow_title\">Tabaccheria Brivio<\/div>\t\t\t\t\t\t\t\t\t\t\t<\/div>\r\n\t\t\t\t<\/div>\r\n\r\n\t\t\t\t\t\t<div style=\"clear: both;\"><\/div><\/div><div class=\"slideshow_view\">\r\n\t\t\t\t<div class=\"slideshow_slide slideshow_slide_image\">\r\n\t\t\t\t\t\t\t\t\t\t\t<img src=\"https:\/\/www.atletica42195.it\/wp\/wp-content\/uploads\/2019\/08\/Muscetti2019.jpg\" alt=\"Muscetti\" width=\"296\" height=\"263\" \/>\r\n\t\t\t\t\t\t\t\t\t\t<div class=\"slideshow_description_box slideshow_transparent\">\r\n\t\t\t\t\t\t<div class=\"slideshow_title\">Muscetti<\/div>\t\t\t\t\t\t\t\t\t\t\t<\/div>\r\n\t\t\t\t<\/div>\r\n\r\n\t\t\t\t\t\t<div style=\"clear: both;\"><\/div><\/div><div class=\"slideshow_view\">\r\n\t\t\t\t<div class=\"slideshow_slide slideshow_slide_image\">\r\n\t\t\t\t\t\t\t\t\t\t\t<img src=\"https:\/\/www.atletica42195.it\/wp\/wp-content\/uploads\/2022\/09\/Agrati_2022.jpg\" alt=\"Agrati\" width=\"1286\" height=\"547\" \/>\r\n\t\t\t\t\t\t\t\t\t\t<div class=\"slideshow_description_box slideshow_transparent\">\r\n\t\t\t\t\t\t<div class=\"slideshow_title\">Agrati<\/div>\t\t\t\t\t\t\t\t\t\t\t<\/div>\r\n\t\t\t\t<\/div>\r\n\r\n\t\t\t\t\t\t<div style=\"clear: both;\"><\/div><\/div><div class=\"slideshow_view\">\r\n\t\t\t\t<div class=\"slideshow_slide slideshow_slide_image\">\r\n\t\t\t\t\t\t\t\t\t\t\t<img src=\"https:\/\/www.atletica42195.it\/wp\/wp-content\/uploads\/2019\/08\/Duoma.jpg\" alt=\"Duoma\" width=\"443\" height=\"394\" \/>\r\n\t\t\t\t\t\t\t\t\t\t<div class=\"slideshow_description_box slideshow_transparent\">\r\n\t\t\t\t\t\t<div class=\"slideshow_title\">Duoma<\/div>\t\t\t\t\t\t\t\t\t\t\t<\/div>\r\n\t\t\t\t<\/div>\r\n\r\n\t\t\t\t\t\t<div style=\"clear: both;\"><\/div><\/div><div class=\"slideshow_view\">\r\n\t\t\t\t<div class=\"slideshow_slide slideshow_slide_image\">\r\n\t\t\t\t\t\t\t\t\t\t\t<img src=\"https:\/\/www.atletica42195.it\/wp\/wp-content\/uploads\/2023\/08\/OsteriaManzoni_2023.jpg\" alt=\"Osteria Manzoni\" width=\"428\" height=\"381\" \/>\r\n\t\t\t\t\t\t\t\t\t\t<div class=\"slideshow_description_box slideshow_transparent\">\r\n\t\t\t\t\t\t<div class=\"slideshow_title\">Osteria Manzoni<\/div>\t\t\t\t\t\t\t\t\t\t\t<\/div>\r\n\t\t\t\t<\/div>\r\n\r\n\t\t\t\t\t\t<div style=\"clear: both;\"><\/div><\/div>\r\n\t\t<\/div>\r\n\r\n\t\t<div class=\"slideshow_controlPanel slideshow_transparent\" style=\"display: none;\"><ul><li class=\"slideshow_togglePlay\" data-play-text=\"Play\" data-pause-text=\"Pause\"><\/li><\/ul><\/div>\r\n\r\n\t\t<div class=\"slideshow_button slideshow_previous slideshow_transparent\" role=\"button\" data-previous-text=\"Previous\" style=\"display: none;\"><\/div>\r\n\t\t<div class=\"slideshow_button slideshow_next slideshow_transparent\" role=\"button\" data-next-text=\"Next\" style=\"display: none;\"><\/div>\r\n\r\n\t\t<div class=\"slideshow_pagination\" style=\"display: none;\" data-go-to-text=\"Go to slide\"><div class=\"slideshow_pagination_center\"><\/div><\/div>\r\n\r\n\t\t<!-- WordPress Slideshow Version 2.3.1 -->\r\n\r\n\t\t\t<\/div>\r\n\r\n\n","protected":false},"excerpt":{"rendered":"<p>L&#8217;Atletica 42195 di Barzan\u00f2, con il Patrocinio e la collaborazione del Comune di Sirtori, Unione dei Comuni Lombarda della Valletta, Barzan\u00f2 e Vigan\u00f2, con l&#8217;approvazione della Federazione Italiana di Atletica Leggera, (approvato dal C.R.L. FIDAL N\u00b0 Prot. 2146 in data &hellip;<\/p>\n<p class=\"read-more\"> <a class=\"more-link\" href=\"https:\/\/www.atletica42195.it\/wp\/eventi\/lissolo-special-trail\/regolamento\/\"> <span class=\"screen-reader-text\">Regolamento<\/span> Leggi tutto &raquo;<\/a><\/p>\n","protected":false},"author":1,"featured_media":0,"parent":2521,"menu_order":2,"comment_status":"closed","ping_status":"closed","template":"","meta":{"footnotes":""},"class_list":["post-2538","page","type-page","status-publish","hentry"],"_links":{"self":[{"href":"https:\/\/www.atletica42195.it\/wp\/wp-json\/wp\/v2\/pages\/2538","targetHints":{"allow":["GET"]}}],"collection":[{"href":"https:\/\/www.atletica42195.it\/wp\/wp-json\/wp\/v2\/pages"}],"about":[{"href":"https:\/\/www.atletica42195.it\/wp\/wp-json\/wp\/v2\/types\/page"}],"author":[{"embeddable":true,"href":"https:\/\/www.atletica42195.it\/wp\/wp-json\/wp\/v2\/users\/1"}],"replies":[{"embeddable":true,"href":"https:\/\/www.atletica42195.it\/wp\/wp-json\/wp\/v2\/comments?post=2538"}],"version-history":[{"count":57,"href":"https:\/\/www.atletica42195.it\/wp\/wp-json\/wp\/v2\/pages\/2538\/revisions"}],"predecessor-version":[{"id":3937,"href":"https:\/\/www.atletica42195.it\/wp\/wp-json\/wp\/v2\/pages\/2538\/revisions\/3937"}],"up":[{"embeddable":true,"href":"https:\/\/www.atletica42195.it\/wp\/wp-json\/wp\/v2\/pages\/2521"}],"wp:attachment":[{"href":"https:\/\/www.atletica42195.it\/wp\/wp-json\/wp\/v2\/media?parent=2538"}],"curies":[{"name":"wp","href":"https:\/\/api.w.org\/{rel}","templated":true}]}}